{"id":599,"date":"2023-10-10T15:11:19","date_gmt":"2023-10-10T13:11:19","guid":{"rendered":"https:\/\/vaf-vgfm.com\/?page_id=599"},"modified":"2024-10-18T12:01:23","modified_gmt":"2024-10-18T10:01:23","slug":"vorstand-und-satzung","status":"publish","type":"page","link":"https:\/\/vaf-vgfm.com\/index.php\/uber-uns\/vorstand-und-satzung\/","title":{"rendered":"Vorstand und Satzung"},"content":{"rendered":"\t\t<div data-elementor-type=\"wp-page\" data-elementor-id=\"599\" class=\"elementor elementor-599\">\n\t\t\t\t<div class=\"elementor-element elementor-element-96739cf e-flex e-con-boxed e-con e-parent\" data-id=\"96739cf\" data-element_type=\"container\" data-settings=\"{&quot;background_background&quot;:&quot;classic&quot;}\">\n\t\t\t\t\t<div class=\"e-con-inner\">\n\t\t\t\t<div class=\"elementor-element elementor-element-ad75d08 elementor-widget__width-initial elementor-widget elementor-widget-heading\" data-id=\"ad75d08\" data-element_type=\"widget\" data-widget_type=\"heading.default\">\n\t\t\t\t<div class=\"elementor-widget-container\">\n\t\t\t<h2 class=\"elementor-heading-title elementor-size-default\">Vorstand und Satzung <\/h2>\t\t<\/div>\n\t\t\t\t<\/div>\n\t\t\t\t\t<\/div>\n\t\t\t\t<\/div>\n\t\t<div class=\"elementor-element elementor-element-23a8f2f e-flex e-con-boxed e-con e-parent\" data-id=\"23a8f2f\" data-element_type=\"container\" data-settings=\"{&quot;background_background&quot;:&quot;classic&quot;}\">\n\t\t\t\t\t<div class=\"e-con-inner\">\n\t\t\t\t<div class=\"elementor-element elementor-element-447c79a elementor-widget elementor-widget-text-editor\" data-id=\"447c79a\" data-element_type=\"widget\" data-widget_type=\"text-editor.default\">\n\t\t\t\t<div class=\"elementor-widget-container\">\n\t\t\t\t\t\t\tAls gemeinn\u00fctziger Verein sind wir demokratisch organisiert. Alle f\u00fcnf Jahren findet eine Mitgliederversammlung statt, wo die Vereinsmitglieder die M\u00f6glichkeit haben, den Vorstand erneut zu w\u00e4hlen.\n\t\t\t\t\t\t<\/div>\n\t\t\t\t<\/div>\n\t\t\t\t\t<\/div>\n\t\t\t\t<\/div>\n\t\t\t\t<section class=\"elementor-section elementor-top-section elementor-element elementor-element-el9vogp elementor-section-height-min-height elementor-section-boxed elementor-section-height-default elementor-section-items-middle\" data-id=\"el9vogp\" data-element_type=\"section\" data-settings=\"{&quot;background_background&quot;:&quot;classic&quot;}\">\n\t\t\t\t\t\t<div class=\"elementor-container elementor-column-gap-no\">\n\t\t\t\t\t<div class=\"elementor-column elementor-col-100 elementor-top-column elementor-element elementor-element-c3b4893\" data-id=\"c3b4893\" data-element_type=\"column\">\n\t\t\t<div class=\"elementor-widget-wrap elementor-element-populated\">\n\t\t\t\t\t\t<div class=\"elementor-element elementor-element-b4af7d2 elementor-position-left elementor-vertical-align-top elementor-widget elementor-widget-image-box\" data-id=\"b4af7d2\" data-element_type=\"widget\" data-widget_type=\"image-box.default\">\n\t\t\t\t<div class=\"elementor-widget-container\">\n\t\t\t<div class=\"elementor-image-box-wrapper\"><figure class=\"elementor-image-box-img\"><img fetchpriority=\"high\" decoding=\"async\" width=\"727\" height=\"1090\" src=\"https:\/\/vaf-vgfm.com\/wp-content\/uploads\/2023\/10\/csm_Si_Huyen_Nguyen_neu_1511273b92.jpg\" class=\"attachment-full size-full wp-image-605\" alt=\"\" \/><\/figure><div class=\"elementor-image-box-content\"><h3 class=\"elementor-image-box-title\">Prof. Dr. Si Huyen Nguyen PNTU<\/h3><p class=\"elementor-image-box-description\">Pr\u00e4sident \n<br>Vizepr\u00e4sident der VGFM <br>Leiter des Schlaflabors, Helios St. Marienberg Klinik Helmstedt<\/p><\/div><\/div>\t\t<\/div>\n\t\t\t\t<\/div>\n\t\t\t\t<section class=\"elementor-section elementor-inner-section elementor-element elementor-element-8059a1b elementor-section-boxed elementor-section-height-default elementor-section-height-default\" data-id=\"8059a1b\" data-element_type=\"section\">\n\t\t\t\t\t\t<div class=\"elementor-container elementor-column-gap-no\">\n\t\t\t\t\t<div class=\"elementor-column elementor-col-50 elementor-inner-column elementor-element elementor-element-2b6e32e\" data-id=\"2b6e32e\" data-element_type=\"column\">\n\t\t\t<div class=\"elementor-widget-wrap elementor-element-populated\">\n\t\t\t\t\t\t<div class=\"elementor-element elementor-element-e1effa6 elementor-position-left elementor-vertical-align-top elementor-widget elementor-widget-image-box\" data-id=\"e1effa6\" data-element_type=\"widget\" data-widget_type=\"image-box.default\">\n\t\t\t\t<div class=\"elementor-widget-container\">\n\t\t\t<div class=\"elementor-image-box-wrapper\"><figure class=\"elementor-image-box-img\"><img decoding=\"async\" src=\"http:\/\/vaf-vgfm.com\/wp-content\/uploads\/2023\/10\/user-account-person-1699635.png\" title=\"\" alt=\"user, account, person-1699635.jpg\" loading=\"lazy\" \/><\/figure><div class=\"elementor-image-box-content\"><h5 class=\"elementor-image-box-title\">Ha Hai Minh <\/h5><p class=\"elementor-image-box-description\">1. Vizepr\u00e4sident <\/p><\/div><\/div>\t\t<\/div>\n\t\t\t\t<\/div>\n\t\t\t\t<div class=\"elementor-element elementor-element-609f895 elementor-widget elementor-widget-text-editor\" data-id=\"609f895\" data-element_type=\"widget\" data-widget_type=\"text-editor.default\">\n\t\t\t\t<div class=\"elementor-widget-container\">\n\t\t\t\t\t\t\tArzt in Weiterbildung, Klinik f\u00fcr Strahlentherapie der Universit\u00e4tsmedizin Magdeburg\t\t\t\t\t\t<\/div>\n\t\t\t\t<\/div>\n\t\t\t\t<div class=\"elementor-element elementor-element-64f097c elementor-shape-square elementor-grid-0 elementor-widget elementor-widget-social-icons\" data-id=\"64f097c\" data-element_type=\"widget\" data-widget_type=\"social-icons.default\">\n\t\t\t\t<div class=\"elementor-widget-container\">\n\t\t\t\t\t<div class=\"elementor-social-icons-wrapper elementor-grid\">\n\t\t\t\t\t\t\t<span class=\"elementor-grid-item\">\n\t\t\t\t\t<a class=\"elementor-icon elementor-social-icon elementor-social-icon-linkedin elementor-repeater-item-a3c239a\" href=\"#\" target=\"_blank\">\n\t\t\t\t\t\t<span class=\"elementor-screen-only\">Linkedin<\/span>\n\t\t\t\t\t\t<i class=\"fab fa-linkedin\"><\/i>\t\t\t\t\t<\/a>\n\t\t\t\t<\/span>\n\t\t\t\t\t<\/div>\n\t\t\t\t<\/div>\n\t\t\t\t<\/div>\n\t\t\t\t\t<\/div>\n\t\t<\/div>\n\t\t\t\t<div class=\"elementor-column elementor-col-50 elementor-inner-column elementor-element elementor-element-6c4362d\" data-id=\"6c4362d\" data-element_type=\"column\">\n\t\t\t<div class=\"elementor-widget-wrap elementor-element-populated\">\n\t\t\t\t\t\t<div class=\"elementor-element elementor-element-a1f6515 elementor-position-left elementor-vertical-align-top elementor-widget elementor-widget-image-box\" data-id=\"a1f6515\" data-element_type=\"widget\" data-widget_type=\"image-box.default\">\n\t\t\t\t<div class=\"elementor-widget-container\">\n\t\t\t<div class=\"elementor-image-box-wrapper\"><figure class=\"elementor-image-box-img\"><img decoding=\"async\" src=\"http:\/\/vaf-vgfm.com\/wp-content\/uploads\/2023\/10\/user-account-person-1699635.png\" title=\"\" alt=\"user, account, person-1699635.jpg\" loading=\"lazy\" \/><\/figure><div class=\"elementor-image-box-content\"><h5 class=\"elementor-image-box-title\">Nguyen Ho Trung Thanh<\/h5><p class=\"elementor-image-box-description\">2. Vizepr\u00e4sident<\/p><\/div><\/div>\t\t<\/div>\n\t\t\t\t<\/div>\n\t\t\t\t<div class=\"elementor-element elementor-element-a27465f elementor-widget elementor-widget-text-editor\" data-id=\"a27465f\" data-element_type=\"widget\" data-widget_type=\"text-editor.default\">\n\t\t\t\t<div class=\"elementor-widget-container\">\n\t\t\t\t\t\t\t<p>Arzt in Weiterbildung, Innere Medizin, Klinikum Wolfsburg<\/p>\t\t\t\t\t\t<\/div>\n\t\t\t\t<\/div>\n\t\t\t\t<div class=\"elementor-element elementor-element-00ed71e elementor-shape-square elementor-grid-0 elementor-widget elementor-widget-social-icons\" data-id=\"00ed71e\" data-element_type=\"widget\" data-widget_type=\"social-icons.default\">\n\t\t\t\t<div class=\"elementor-widget-container\">\n\t\t\t\t\t<div class=\"elementor-social-icons-wrapper elementor-grid\">\n\t\t\t\t\t\t\t<span class=\"elementor-grid-item\">\n\t\t\t\t\t<a class=\"elementor-icon elementor-social-icon elementor-social-icon-linkedin elementor-repeater-item-a3c239a\" href=\"#\" target=\"_blank\">\n\t\t\t\t\t\t<span class=\"elementor-screen-only\">Linkedin<\/span>\n\t\t\t\t\t\t<i class=\"fab fa-linkedin\"><\/i>\t\t\t\t\t<\/a>\n\t\t\t\t<\/span>\n\t\t\t\t\t<\/div>\n\t\t\t\t<\/div>\n\t\t\t\t<\/div>\n\t\t\t\t\t<\/div>\n\t\t<\/div>\n\t\t\t\t\t<\/div>\n\t\t<\/section>\n\t\t\t\t<section class=\"elementor-section elementor-inner-section elementor-element elementor-element-1242765 elementor-section-boxed elementor-section-height-default elementor-section-height-default\" data-id=\"1242765\" data-element_type=\"section\">\n\t\t\t\t\t\t<div class=\"elementor-container elementor-column-gap-no\">\n\t\t\t\t\t<div class=\"elementor-column elementor-col-50 elementor-inner-column elementor-element elementor-element-f8cddbb\" data-id=\"f8cddbb\" data-element_type=\"column\">\n\t\t\t<div class=\"elementor-widget-wrap elementor-element-populated\">\n\t\t\t\t\t\t<div class=\"elementor-element elementor-element-ffde055 elementor-position-left elementor-vertical-align-top elementor-widget elementor-widget-image-box\" data-id=\"ffde055\" data-element_type=\"widget\" data-widget_type=\"image-box.default\">\n\t\t\t\t<div class=\"elementor-widget-container\">\n\t\t\t<div class=\"elementor-image-box-wrapper\"><figure class=\"elementor-image-box-img\"><img decoding=\"async\" src=\"http:\/\/vaf-vgfm.com\/wp-content\/uploads\/2023\/10\/user-account-person-1699635.png\" title=\"\" alt=\"user, account, person-1699635.jpg\" loading=\"lazy\" \/><\/figure><div class=\"elementor-image-box-content\"><h5 class=\"elementor-image-box-title\">Ho Thi Tuyet Ngan <\/h5><p class=\"elementor-image-box-description\">Generalsekret\u00e4rin <\/p><\/div><\/div>\t\t<\/div>\n\t\t\t\t<\/div>\n\t\t\t\t<div class=\"elementor-element elementor-element-059c623 elementor-widget elementor-widget-text-editor\" data-id=\"059c623\" data-element_type=\"widget\" data-widget_type=\"text-editor.default\">\n\t\t\t\t<div class=\"elementor-widget-container\">\n\t\t\t\t\t\t\t<p>\u00c4rztin in Weiterbildung, Innere Medizin, St\u00e4dtisches Klinikum Solingen\u00a0<\/p>\t\t\t\t\t\t<\/div>\n\t\t\t\t<\/div>\n\t\t\t\t<div class=\"elementor-element elementor-element-b4ef935 elementor-shape-square elementor-grid-0 elementor-widget elementor-widget-social-icons\" data-id=\"b4ef935\" data-element_type=\"widget\" data-widget_type=\"social-icons.default\">\n\t\t\t\t<div class=\"elementor-widget-container\">\n\t\t\t\t\t<div class=\"elementor-social-icons-wrapper elementor-grid\">\n\t\t\t\t\t\t\t<span class=\"elementor-grid-item\">\n\t\t\t\t\t<a class=\"elementor-icon elementor-social-icon elementor-social-icon-linkedin elementor-repeater-item-a3c239a\" href=\"#\" target=\"_blank\">\n\t\t\t\t\t\t<span class=\"elementor-screen-only\">Linkedin<\/span>\n\t\t\t\t\t\t<i class=\"fab fa-linkedin\"><\/i>\t\t\t\t\t<\/a>\n\t\t\t\t<\/span>\n\t\t\t\t\t<\/div>\n\t\t\t\t<\/div>\n\t\t\t\t<\/div>\n\t\t\t\t\t<\/div>\n\t\t<\/div>\n\t\t\t\t<div class=\"elementor-column elementor-col-50 elementor-inner-column elementor-element elementor-element-746e638\" data-id=\"746e638\" data-element_type=\"column\">\n\t\t\t<div class=\"elementor-widget-wrap elementor-element-populated\">\n\t\t\t\t\t\t<div class=\"elementor-element elementor-element-995909d elementor-position-left elementor-vertical-align-top elementor-widget elementor-widget-image-box\" data-id=\"995909d\" data-element_type=\"widget\" data-widget_type=\"image-box.default\">\n\t\t\t\t<div class=\"elementor-widget-container\">\n\t\t\t<div class=\"elementor-image-box-wrapper\"><figure class=\"elementor-image-box-img\"><img decoding=\"async\" src=\"http:\/\/vaf-vgfm.com\/wp-content\/uploads\/2023\/10\/user-account-person-1699635.png\" title=\"\" alt=\"user, account, person-1699635.jpg\" loading=\"lazy\" \/><\/figure><div class=\"elementor-image-box-content\"><h5 class=\"elementor-image-box-title\">Vo Nhat Vy<\/h5><p class=\"elementor-image-box-description\">Schatzmeisterin <\/p><\/div><\/div>\t\t<\/div>\n\t\t\t\t<\/div>\n\t\t\t\t<div class=\"elementor-element elementor-element-3394ed3 elementor-widget elementor-widget-text-editor\" data-id=\"3394ed3\" data-element_type=\"widget\" data-widget_type=\"text-editor.default\">\n\t\t\t\t<div class=\"elementor-widget-container\">\n\t\t\t\t\t\t\t<p>\u00c4rztin in Weiterbildung, Institut f\u00fcr Pathologie, St\u00e4dtisches Klinikum Braunschweig\u00a0<\/p>\t\t\t\t\t\t<\/div>\n\t\t\t\t<\/div>\n\t\t\t\t<div class=\"elementor-element elementor-element-4c35f6c elementor-shape-square elementor-grid-0 elementor-widget elementor-widget-social-icons\" data-id=\"4c35f6c\" data-element_type=\"widget\" data-widget_type=\"social-icons.default\">\n\t\t\t\t<div class=\"elementor-widget-container\">\n\t\t\t\t\t<div class=\"elementor-social-icons-wrapper elementor-grid\">\n\t\t\t\t\t\t\t<span class=\"elementor-grid-item\">\n\t\t\t\t\t<a class=\"elementor-icon elementor-social-icon elementor-social-icon-linkedin elementor-repeater-item-a3c239a\" href=\"#\" target=\"_blank\">\n\t\t\t\t\t\t<span class=\"elementor-screen-only\">Linkedin<\/span>\n\t\t\t\t\t\t<i class=\"fab fa-linkedin\"><\/i>\t\t\t\t\t<\/a>\n\t\t\t\t<\/span>\n\t\t\t\t\t<\/div>\n\t\t\t\t<\/div>\n\t\t\t\t<\/div>\n\t\t\t\t\t<\/div>\n\t\t<\/div>\n\t\t\t\t\t<\/div>\n\t\t<\/section>\n\t\t\t\t<section class=\"elementor-section elementor-inner-section elementor-element elementor-element-3b9c3a9 elementor-section-boxed elementor-section-height-default elementor-section-height-default\" data-id=\"3b9c3a9\" data-element_type=\"section\">\n\t\t\t\t\t\t<div class=\"elementor-container elementor-column-gap-no\">\n\t\t\t\t\t<div class=\"elementor-column elementor-col-50 elementor-inner-column elementor-element elementor-element-0e8873c\" data-id=\"0e8873c\" data-element_type=\"column\">\n\t\t\t<div class=\"elementor-widget-wrap elementor-element-populated\">\n\t\t\t\t\t\t<div class=\"elementor-element elementor-element-8016a08 elementor-position-left elementor-vertical-align-top elementor-widget elementor-widget-image-box\" data-id=\"8016a08\" data-element_type=\"widget\" data-widget_type=\"image-box.default\">\n\t\t\t\t<div class=\"elementor-widget-container\">\n\t\t\t<div class=\"elementor-image-box-wrapper\"><figure class=\"elementor-image-box-img\"><img decoding=\"async\" src=\"http:\/\/vaf-vgfm.com\/wp-content\/uploads\/2023\/10\/user-account-person-1699635.png\" title=\"\" alt=\"user, account, person-1699635.jpg\" loading=\"lazy\" \/><\/figure><div class=\"elementor-image-box-content\"><h5 class=\"elementor-image-box-title\">Tran Thi Thu Thao  <\/h5><p class=\"elementor-image-box-description\">Erweiterter Vorstand, Sektion: Medien und Kommunikation <\/p><\/div><\/div>\t\t<\/div>\n\t\t\t\t<\/div>\n\t\t\t\t<div class=\"elementor-element elementor-element-8d4d72f elementor-widget elementor-widget-text-editor\" data-id=\"8d4d72f\" data-element_type=\"widget\" data-widget_type=\"text-editor.default\">\n\t\t\t\t<div class=\"elementor-widget-container\">\n\t\t\t\t\t\t\t<p>\u00c4rztin in Weiterbildung, Klinik f\u00fcr Neurologie und neurologische Fr\u00fchrehabilitation, Klinikum Osnabr\u00fcck\u00a0<\/p>\t\t\t\t\t\t<\/div>\n\t\t\t\t<\/div>\n\t\t\t\t<div class=\"elementor-element elementor-element-a4c9e74 elementor-shape-square elementor-grid-0 elementor-widget elementor-widget-social-icons\" data-id=\"a4c9e74\" data-element_type=\"widget\" data-widget_type=\"social-icons.default\">\n\t\t\t\t<div class=\"elementor-widget-container\">\n\t\t\t\t\t<div class=\"elementor-social-icons-wrapper elementor-grid\">\n\t\t\t\t\t\t\t<span class=\"elementor-grid-item\">\n\t\t\t\t\t<a class=\"elementor-icon elementor-social-icon elementor-social-icon-linkedin elementor-repeater-item-a3c239a\" href=\"#\" target=\"_blank\">\n\t\t\t\t\t\t<span class=\"elementor-screen-only\">Linkedin<\/span>\n\t\t\t\t\t\t<i class=\"fab fa-linkedin\"><\/i>\t\t\t\t\t<\/a>\n\t\t\t\t<\/span>\n\t\t\t\t\t<\/div>\n\t\t\t\t<\/div>\n\t\t\t\t<\/div>\n\t\t\t\t\t<\/div>\n\t\t<\/div>\n\t\t\t\t<div class=\"elementor-column elementor-col-50 elementor-inner-column elementor-element elementor-element-79a16a7\" data-id=\"79a16a7\" data-element_type=\"column\">\n\t\t\t<div class=\"elementor-widget-wrap elementor-element-populated\">\n\t\t\t\t\t\t<div class=\"elementor-element elementor-element-7042649 elementor-position-left elementor-vertical-align-top elementor-widget elementor-widget-image-box\" data-id=\"7042649\" data-element_type=\"widget\" data-widget_type=\"image-box.default\">\n\t\t\t\t<div class=\"elementor-widget-container\">\n\t\t\t<div class=\"elementor-image-box-wrapper\"><figure class=\"elementor-image-box-img\"><img decoding=\"async\" src=\"http:\/\/vaf-vgfm.com\/wp-content\/uploads\/2023\/10\/user-account-person-1699635.png\" title=\"\" alt=\"user, account, person-1699635.jpg\" loading=\"lazy\" \/><\/figure><div class=\"elementor-image-box-content\"><h5 class=\"elementor-image-box-title\">Ly Hoang Tri Nhan <\/h5><p class=\"elementor-image-box-description\">Erweiterter Vorstand, Sektion: Studenten und Ausibildungsangelegenheiten<\/p><\/div><\/div>\t\t<\/div>\n\t\t\t\t<\/div>\n\t\t\t\t<div class=\"elementor-element elementor-element-3604a14 elementor-widget elementor-widget-text-editor\" data-id=\"3604a14\" data-element_type=\"widget\" data-widget_type=\"text-editor.default\">\n\t\t\t\t<div class=\"elementor-widget-container\">\n\t\t\t\t\t\t\t<p>Arzt in Weiterbildung, Klinik f\u00fcr Neurologie und Stroke-Unit, Klinikum Idar-Oberstein\u00a0<\/p>\t\t\t\t\t\t<\/div>\n\t\t\t\t<\/div>\n\t\t\t\t<div class=\"elementor-element elementor-element-9519cd2 elementor-shape-square elementor-grid-0 elementor-widget elementor-widget-social-icons\" data-id=\"9519cd2\" data-element_type=\"widget\" data-widget_type=\"social-icons.default\">\n\t\t\t\t<div class=\"elementor-widget-container\">\n\t\t\t\t\t<div class=\"elementor-social-icons-wrapper elementor-grid\">\n\t\t\t\t\t\t\t<span class=\"elementor-grid-item\">\n\t\t\t\t\t<a class=\"elementor-icon elementor-social-icon elementor-social-icon-linkedin elementor-repeater-item-a3c239a\" href=\"#\" target=\"_blank\">\n\t\t\t\t\t\t<span class=\"elementor-screen-only\">Linkedin<\/span>\n\t\t\t\t\t\t<i class=\"fab fa-linkedin\"><\/i>\t\t\t\t\t<\/a>\n\t\t\t\t<\/span>\n\t\t\t\t\t<\/div>\n\t\t\t\t<\/div>\n\t\t\t\t<\/div>\n\t\t\t\t\t<\/div>\n\t\t<\/div>\n\t\t\t\t\t<\/div>\n\t\t<\/section>\n\t\t\t\t\t<\/div>\n\t\t<\/div>\n\t\t\t\t\t<\/div>\n\t\t<\/section>\n\t\t\t\t<\/div>\n\t\t","protected":false},"excerpt":{"rendered":"<p>Vorstand und Satzung Als gemeinn\u00fctziger Verein sind wir demokratisch organisiert. Alle f\u00fcnf Jahren findet eine Mitgliederversammlung statt, wo die Vereinsmitglieder die M\u00f6glichkeit haben, den Vorstand erneut zu w\u00e4hlen. Prof. Dr. Si Huyen Nguyen PNTU Pr\u00e4sident Vizepr\u00e4sident der VGFM Leiter des Schlaflabors, Helios St. Marienberg Klinik Helmstedt Ha Hai Minh 1. Vizepr\u00e4sident Arzt in Weiterbildung, Klinik &hellip;<\/p>\n<p class=\"read-more\"> <a class=\"\" href=\"https:\/\/vaf-vgfm.com\/index.php\/uber-uns\/vorstand-und-satzung\/\"> <span class=\"screen-reader-text\">Vorstand und Satzung<\/span> Read More &raquo;<\/a><\/p>\n","protected":false},"author":1,"featured_media":0,"parent":1282,"menu_order":0,"comment_status":"closed","ping_status":"closed","template":"","meta":{"_eb_attr":"","site-sidebar-layout":"no-sidebar","site-content-layout":"page-builder","ast-site-content-layout":"full-width-container","site-content-style":"default","site-sidebar-style":"default","ast-global-header-display":"","ast-banner-title-visibility":"","ast-main-header-display":"","ast-hfb-above-header-display":"","ast-hfb-below-header-display":"","ast-hfb-mobile-header-display":"","site-post-title":"disabled","ast-breadcrumbs-content":"","ast-featured-img":"disabled","footer-sml-layout":"","theme-transparent-header-meta":"","adv-header-id-meta":"","stick-header-meta":"","header-above-stick-meta":"","header-main-stick-meta":"","header-below-stick-meta":"","astra-migrate-meta-layouts":"set","footnotes":""},"class_list":["post-599","page","type-page","status-publish","hentry"],"rttpg_featured_image_url":null,"rttpg_author":{"display_name":"vaf-vgfm.com","author_link":"https:\/\/vaf-vgfm.com\/index.php\/author\/vaf-vgfm-com\/"},"rttpg_comment":0,"rttpg_category":null,"rttpg_excerpt":"Vorstand und Satzung Als gemeinn\u00fctziger Verein sind wir demokratisch organisiert. Alle f\u00fcnf Jahren findet eine Mitgliederversammlung statt, wo die Vereinsmitglieder die M\u00f6glichkeit haben, den Vorstand erneut zu w\u00e4hlen. Prof. Dr. Si Huyen Nguyen PNTU Pr\u00e4sident Vizepr\u00e4sident der VGFM Leiter des Schlaflabors, Helios St. Marienberg Klinik Helmstedt Ha Hai Minh 1. Vizepr\u00e4sident Arzt in Weiterbildung, Klinik&hellip;","_links":{"self":[{"href":"https:\/\/vaf-vgfm.com\/index.php\/wp-json\/wp\/v2\/pages\/599"}],"collection":[{"href":"https:\/\/vaf-vgfm.com\/index.php\/wp-json\/wp\/v2\/pages"}],"about":[{"href":"https:\/\/vaf-vgfm.com\/index.php\/wp-json\/wp\/v2\/types\/page"}],"author":[{"embeddable":true,"href":"https:\/\/vaf-vgfm.com\/index.php\/wp-json\/wp\/v2\/users\/1"}],"replies":[{"embeddable":true,"href":"https:\/\/vaf-vgfm.com\/index.php\/wp-json\/wp\/v2\/comments?post=599"}],"version-history":[{"count":25,"href":"https:\/\/vaf-vgfm.com\/index.php\/wp-json\/wp\/v2\/pages\/599\/revisions"}],"predecessor-version":[{"id":1551,"href":"https:\/\/vaf-vgfm.com\/index.php\/wp-json\/wp\/v2\/pages\/599\/revisions\/1551"}],"up":[{"embeddable":true,"href":"https:\/\/vaf-vgfm.com\/index.php\/wp-json\/wp\/v2\/pages\/1282"}],"wp:attachment":[{"href":"https:\/\/vaf-vgfm.com\/index.php\/wp-json\/wp\/v2\/media?parent=599"}],"curies":[{"name":"wp","href":"https:\/\/api.w.org\/{rel}","templated":true}]}}