{"id":540,"date":"2018-11-27T09:16:54","date_gmt":"2018-11-27T08:16:54","guid":{"rendered":"https:\/\/vaf-vgfm.com\/index.php\/home\/"},"modified":"2024-10-18T11:57:16","modified_gmt":"2024-10-18T09:57:16","slug":"home","status":"publish","type":"page","link":"https:\/\/vaf-vgfm.com\/","title":{"rendered":"Home"},"content":{"rendered":"\t\t<div data-elementor-type=\"wp-page\" data-elementor-id=\"540\" class=\"elementor elementor-540\">\n\t\t\t\t\t\t<section class=\"elementor-section elementor-top-section elementor-element elementor-element-c50838b elementor-section-height-min-height elementor-section-boxed elementor-section-height-default elementor-section-items-middle\" data-id=\"c50838b\" data-element_type=\"section\" data-settings=\"{&quot;background_background&quot;:&quot;classic&quot;}\">\n\t\t\t\t\t\t\t<div class=\"elementor-background-overlay\"><\/div>\n\t\t\t\t\t\t\t<div class=\"elementor-container elementor-column-gap-default\">\n\t\t\t\t\t<div class=\"elementor-column elementor-col-100 elementor-top-column elementor-element elementor-element-55b0429\" data-id=\"55b0429\" data-element_type=\"column\">\n\t\t\t<div class=\"elementor-widget-wrap elementor-element-populated\">\n\t\t\t\t\t\t<div class=\"elementor-element elementor-element-453e782 elementor-widget elementor-widget-heading\" data-id=\"453e782\" data-element_type=\"widget\" data-widget_type=\"heading.default\">\n\t\t\t\t<div class=\"elementor-widget-container\">\n\t\t\t<h1 class=\"elementor-heading-title elementor-size-default\">Hallo.<\/h1>\t\t<\/div>\n\t\t\t\t<\/div>\n\t\t\t\t<div class=\"elementor-element elementor-element-92570e2 elementor-widget-divider--view-line elementor-widget elementor-widget-divider\" data-id=\"92570e2\" data-element_type=\"widget\" data-widget_type=\"divider.default\">\n\t\t\t\t<div class=\"elementor-widget-container\">\n\t\t\t\t\t<div class=\"elementor-divider\">\n\t\t\t<span class=\"elementor-divider-separator\">\n\t\t\t\t\t\t<\/span>\n\t\t<\/div>\n\t\t\t\t<\/div>\n\t\t\t\t<\/div>\n\t\t\t\t<div class=\"elementor-element elementor-element-3428592 elementor-widget elementor-widget-heading\" data-id=\"3428592\" data-element_type=\"widget\" data-widget_type=\"heading.default\">\n\t\t\t\t<div class=\"elementor-widget-container\">\n\t\t\t<h3 class=\"elementor-heading-title elementor-size-medium\">Herzlich willkommen auf der offiziellen Website von Vereinigung der Alumni und F\u00f6rderer der vietnamesisch-deutschen Fakult\u00e4t f\u00fcr Medizin<\/h3>\t\t<\/div>\n\t\t\t\t<\/div>\n\t\t\t\t<div class=\"elementor-element elementor-element-cab84e1 elementor-align-center elementor-widget elementor-widget-button\" data-id=\"cab84e1\" data-element_type=\"widget\" data-widget_type=\"button.default\">\n\t\t\t\t<div class=\"elementor-widget-container\">\n\t\t\t\t\t<div class=\"elementor-button-wrapper\">\n\t\t\t<a class=\"elementor-button elementor-button-link elementor-size-xl\" href=\"https:\/\/vaf-vgfm.com\/index.php\/projekte\/\" target=\"_blank\">\n\t\t\t\t\t\t<span class=\"elementor-button-content-wrapper\">\n\t\t\t\t\t\t\t\t\t<span class=\"elementor-button-text\">Hier geht's zur aktuellen Projekte<\/span>\n\t\t\t\t\t<\/span>\n\t\t\t\t\t<\/a>\n\t\t<\/div>\n\t\t\t\t<\/div>\n\t\t\t\t<\/div>\n\t\t\t\t\t<\/div>\n\t\t<\/div>\n\t\t\t\t\t<\/div>\n\t\t<\/section>\n\t\t<div class=\"elementor-element elementor-element-abbca00 e-flex e-con-boxed e-con e-parent\" data-id=\"abbca00\" data-element_type=\"container\" data-settings=\"{&quot;background_background&quot;:&quot;classic&quot;}\">\n\t\t\t\t\t<div class=\"e-con-inner\">\n\t\t<div class=\"elementor-element elementor-element-f8c1f0c e-con-full e-flex e-con e-child\" data-id=\"f8c1f0c\" data-element_type=\"container\">\n\t\t\t\t<div class=\"elementor-element elementor-element-a86313d elementor-widget elementor-widget-heading\" data-id=\"a86313d\" data-element_type=\"widget\" data-widget_type=\"heading.default\">\n\t\t\t\t<div class=\"elementor-widget-container\">\n\t\t\t<h2 class=\"elementor-heading-title elementor-size-default\">Veranstaltungen <\/h2>\t\t<\/div>\n\t\t\t\t<\/div>\n\t\t\t\t<div class=\"elementor-element elementor-element-9601c01 elementor-widget elementor-widget-heading\" data-id=\"9601c01\" data-element_type=\"widget\" data-widget_type=\"heading.default\">\n\t\t\t\t<div class=\"elementor-widget-container\">\n\t\t\t<h2 class=\"elementor-heading-title elementor-size-default\">Mitgliederversammlung 2024<\/h2>\t\t<\/div>\n\t\t\t\t<\/div>\n\t\t\t\t<div class=\"elementor-element elementor-element-0eb4858 elementor-widget elementor-widget-accordion\" data-id=\"0eb4858\" data-element_type=\"widget\" data-widget_type=\"accordion.default\">\n\t\t\t\t<div class=\"elementor-widget-container\">\n\t\t\t\t\t<div class=\"elementor-accordion\">\n\t\t\t\t\t\t\t<div class=\"elementor-accordion-item\">\n\t\t\t\t\t<div id=\"elementor-tab-title-1541\" class=\"elementor-tab-title\" data-tab=\"1\" role=\"button\" aria-controls=\"elementor-tab-content-1541\" aria-expanded=\"false\">\n\t\t\t\t\t\t\t\t\t\t\t\t\t<span class=\"elementor-accordion-icon elementor-accordion-icon-left\" aria-hidden=\"true\">\n\t\t\t\t\t\t\t\t\t\t\t\t\t\t\t<span class=\"elementor-accordion-icon-closed\"><i class=\"fas fa-plus\"><\/i><\/span>\n\t\t\t\t\t\t\t\t<span class=\"elementor-accordion-icon-opened\"><i class=\"fas fa-minus\"><\/i><\/span>\n\t\t\t\t\t\t\t\t\t\t\t\t\t\t<\/span>\n\t\t\t\t\t\t\t\t\t\t\t\t<a class=\"elementor-accordion-title\" tabindex=\"0\">Ort<\/a>\n\t\t\t\t\t<\/div>\n\t\t\t\t\t<div id=\"elementor-tab-content-1541\" class=\"elementor-tab-content elementor-clearfix\" data-tab=\"1\" role=\"region\" aria-labelledby=\"elementor-tab-title-1541\"><p>\u00c4rztehaus Braunschweig<br \/>An der Petrikirche 1, 38100 Braunschweig<\/p><\/div>\n\t\t\t\t<\/div>\n\t\t\t\t\t\t\t<div class=\"elementor-accordion-item\">\n\t\t\t\t\t<div id=\"elementor-tab-title-1542\" class=\"elementor-tab-title\" data-tab=\"2\" role=\"button\" aria-controls=\"elementor-tab-content-1542\" aria-expanded=\"false\">\n\t\t\t\t\t\t\t\t\t\t\t\t\t<span class=\"elementor-accordion-icon elementor-accordion-icon-left\" aria-hidden=\"true\">\n\t\t\t\t\t\t\t\t\t\t\t\t\t\t\t<span class=\"elementor-accordion-icon-closed\"><i class=\"fas fa-plus\"><\/i><\/span>\n\t\t\t\t\t\t\t\t<span class=\"elementor-accordion-icon-opened\"><i class=\"fas fa-minus\"><\/i><\/span>\n\t\t\t\t\t\t\t\t\t\t\t\t\t\t<\/span>\n\t\t\t\t\t\t\t\t\t\t\t\t<a class=\"elementor-accordion-title\" tabindex=\"0\">Datum\/Uhrzeit <\/a>\n\t\t\t\t\t<\/div>\n\t\t\t\t\t<div id=\"elementor-tab-content-1542\" class=\"elementor-tab-content elementor-clearfix\" data-tab=\"2\" role=\"region\" aria-labelledby=\"elementor-tab-title-1542\"><p>Datum: 19.10.2024<\/p><p>Zeit: 10.00 \u2013 13.00 Uhr<\/p><\/div>\n\t\t\t\t<\/div>\n\t\t\t\t\t\t\t<div class=\"elementor-accordion-item\">\n\t\t\t\t\t<div id=\"elementor-tab-title-1543\" class=\"elementor-tab-title\" data-tab=\"3\" role=\"button\" aria-controls=\"elementor-tab-content-1543\" aria-expanded=\"false\">\n\t\t\t\t\t\t\t\t\t\t\t\t\t<span class=\"elementor-accordion-icon elementor-accordion-icon-left\" aria-hidden=\"true\">\n\t\t\t\t\t\t\t\t\t\t\t\t\t\t\t<span class=\"elementor-accordion-icon-closed\"><i class=\"fas fa-plus\"><\/i><\/span>\n\t\t\t\t\t\t\t\t<span class=\"elementor-accordion-icon-opened\"><i class=\"fas fa-minus\"><\/i><\/span>\n\t\t\t\t\t\t\t\t\t\t\t\t\t\t<\/span>\n\t\t\t\t\t\t\t\t\t\t\t\t<a class=\"elementor-accordion-title\" tabindex=\"0\">Agenda<\/a>\n\t\t\t\t\t<\/div>\n\t\t\t\t\t<div id=\"elementor-tab-content-1543\" class=\"elementor-tab-content elementor-clearfix\" data-tab=\"3\" role=\"region\" aria-labelledby=\"elementor-tab-title-1543\"><p>10:00 Begr\u00fc\u00dfung (Prof. Nguyen Si Huyen\/Helmstedt)<br \/>10:05 Abstimmung \u00fcber die Tagesordnung<br \/>10:15 Bericht des Vorstandes<br \/>10:15 Bericht des Vorsitzenden (Prof. Nguyen Si Huyen\/Helmstedt)<br \/>10:40 Bericht der Schatzmeisterin (Vo Nhat Vy\/Braunschweig)<br \/>10:50 Entwickl ung der VGFM in Deutschland 2019-2024 (Nguyen Xuan Quoc Dung\/Wolfsburg)<br \/>11:15 Begleitung der PJ-Ausbildung von Seiten der VAF-VGFM (Ho Hoang Trung Thanh\/K\u00f6ln)<br \/>11:30 Pause<br \/>11:50 Aktivit\u00e4ten und Entwicklungen von VAF-VGFM (Ha Hai Minh\/Magdeburg, Tran Thi Thu Thao\/Osnabr\u00fcck)<br \/>12:20 Ideen, Diskussion, Verschiedenes<br \/>12:50 Schlusswort (Prof. Nguyen Si Huyen\/Helmstedt)<br \/>Im Anschluss gemeinsames Mittagsessen<\/p><\/div>\n\t\t\t\t<\/div>\n\t\t\t\t\t\t\t\t<\/div>\n\t\t\t\t<\/div>\n\t\t\t\t<\/div>\n\t\t\t\t<\/div>\n\t\t<div class=\"elementor-element elementor-element-220b1a8 e-flex e-con-boxed e-con e-child\" data-id=\"220b1a8\" data-element_type=\"container\" data-settings=\"{&quot;background_background&quot;:&quot;classic&quot;}\">\n\t\t\t\t\t<div class=\"e-con-inner\">\n\t\t\t\t<div class=\"elementor-element elementor-element-bbae0f4 elementor-widget elementor-widget-heading\" data-id=\"bbae0f4\" data-element_type=\"widget\" data-widget_type=\"heading.default\">\n\t\t\t\t<div class=\"elementor-widget-container\">\n\t\t\t<h2 class=\"elementor-heading-title elementor-size-default\">Aktuelles<\/h2>\t\t<\/div>\n\t\t\t\t<\/div>\n\t\t\t\t<div class=\"elementor-element elementor-element-5c3ecf3 elementor-tabs-view-horizontal elementor-widget elementor-widget-tabs\" data-id=\"5c3ecf3\" data-element_type=\"widget\" data-widget_type=\"tabs.default\">\n\t\t\t\t<div class=\"elementor-widget-container\">\n\t\t\t\t\t<div class=\"elementor-tabs\">\n\t\t\t<div class=\"elementor-tabs-wrapper\" role=\"tablist\" >\n\t\t\t\t\t\t\t\t\t<div id=\"elementor-tab-title-9671\" class=\"elementor-tab-title elementor-tab-desktop-title\" aria-selected=\"true\" data-tab=\"1\" role=\"tab\" tabindex=\"0\" aria-controls=\"elementor-tab-content-9671\" aria-expanded=\"false\">Mentoring-Programm<\/div>\n\t\t\t\t\t\t\t\t\t<div id=\"elementor-tab-title-9672\" class=\"elementor-tab-title elementor-tab-desktop-title\" aria-selected=\"false\" data-tab=\"2\" role=\"tab\" tabindex=\"-1\" aria-controls=\"elementor-tab-content-9672\" aria-expanded=\"false\">Highlights<\/div>\n\t\t\t\t\t\t\t\t\t<div id=\"elementor-tab-title-9673\" class=\"elementor-tab-title elementor-tab-desktop-title\" aria-selected=\"false\" data-tab=\"3\" role=\"tab\" tabindex=\"-1\" aria-controls=\"elementor-tab-content-9673\" aria-expanded=\"false\">Upcoming<\/div>\n\t\t\t\t\t\t\t<\/div>\n\t\t\t<div class=\"elementor-tabs-content-wrapper\" role=\"tablist\" aria-orientation=\"vertical\">\n\t\t\t\t\t\t\t\t\t<div class=\"elementor-tab-title elementor-tab-mobile-title\" aria-selected=\"true\" data-tab=\"1\" role=\"tab\" tabindex=\"0\" aria-controls=\"elementor-tab-content-9671\" aria-expanded=\"false\">Mentoring-Programm<\/div>\n\t\t\t\t\t<div id=\"elementor-tab-content-9671\" class=\"elementor-tab-content elementor-clearfix\" data-tab=\"1\" role=\"tabpanel\" aria-labelledby=\"elementor-tab-title-9671\" tabindex=\"0\" hidden=\"false\"><p>Dieses Programm wurde 2023 ins Leben gerufen und unterst\u00fctzt bisher die Studierende w\u00e4hrend ihres praktischen Jahres. Dieses Programm ist inzwischen der Hauptschwerpunkt und das R\u00fcckgrat unserer Organisation.\u00a0<\/p><ul><li>Willkommensfeier den neuen vietnamesischen PJ-Studenten.Innen<\/li><li>Monatliches Online- und vor-Ort-Treffen mit Alumni zum Wissen- und Erfahrungsaustausch<\/li><li>Fachspezifischer Deutschunterricht mit Dr. B. Schwartz (ehemaliger Chefarzt der Kardiologie in Helios St. Marienberg Klinik Helmstedt) und <span style=\"font-size: 16px;\"><span style=\"font-size: 16px;\">Dr. med. Birgit Gerecke (Ober\u00e4rztin in Herzzentrum G\u00f6ttingen)\u00a0<\/span><\/span><\/li><li>Pr\u00fcfungsstimulation M3-Examen mit Professoren und Alumni<\/li><\/ul><\/div>\n\t\t\t\t\t\t\t\t\t<div class=\"elementor-tab-title elementor-tab-mobile-title\" aria-selected=\"false\" data-tab=\"2\" role=\"tab\" tabindex=\"-1\" aria-controls=\"elementor-tab-content-9672\" aria-expanded=\"false\">Highlights<\/div>\n\t\t\t\t\t<div id=\"elementor-tab-content-9672\" class=\"elementor-tab-content elementor-clearfix\" data-tab=\"2\" role=\"tabpanel\" aria-labelledby=\"elementor-tab-title-9672\" tabindex=\"0\" hidden=\"hidden\"><ul><li>Wochenendausflug nach Hamburg in Oktober 2023 um verschiedenen Krankenh\u00e4use zu besichtigen unter Anleitung von Hrn. Schwartz durch Sponsor von Rotary Club.<\/li><\/ul><\/div>\n\t\t\t\t\t\t\t\t\t<div class=\"elementor-tab-title elementor-tab-mobile-title\" aria-selected=\"false\" data-tab=\"3\" role=\"tab\" tabindex=\"-1\" aria-controls=\"elementor-tab-content-9673\" aria-expanded=\"false\">Upcoming<\/div>\n\t\t\t\t\t<div id=\"elementor-tab-content-9673\" class=\"elementor-tab-content elementor-clearfix\" data-tab=\"3\" role=\"tabpanel\" aria-labelledby=\"elementor-tab-title-9673\" tabindex=\"0\" hidden=\"hidden\"><p>&#8230; werden aktualisiert<\/p><\/div>\n\t\t\t\t\t\t\t<\/div>\n\t\t<\/div>\n\t\t\t\t<\/div>\n\t\t\t\t<\/div>\n\t\t\t\t\t<\/div>\n\t\t\t\t<\/div>\n\t\t\t\t\t<\/div>\n\t\t\t\t<\/div>\n\t\t<div class=\"elementor-element elementor-element-2071aaf e-flex e-con-boxed e-con e-parent\" data-id=\"2071aaf\" data-element_type=\"container\" data-settings=\"{&quot;background_background&quot;:&quot;classic&quot;}\">\n\t\t\t\t\t<div class=\"e-con-inner\">\n\t\t\t\t<div class=\"elementor-element elementor-element-91fa6c7 elementor-widget elementor-widget-heading\" data-id=\"91fa6c7\" data-element_type=\"widget\" data-widget_type=\"heading.default\">\n\t\t\t\t<div class=\"elementor-widget-container\">\n\t\t\t<h2 class=\"elementor-heading-title elementor-size-default\">Fotogallerie<\/h2>\t\t<\/div>\n\t\t\t\t<\/div>\n\t\t\t\t<div class=\"elementor-element elementor-element-5ccf29a gallery-spacing-custom elementor-widget elementor-widget-image-gallery\" data-id=\"5ccf29a\" data-element_type=\"widget\" data-widget_type=\"image-gallery.default\">\n\t\t\t\t<div class=\"elementor-widget-container\">\n\t\t\t\t\t<div class=\"elementor-image-gallery\">\n\t\t\t<div id='gallery-1' class='gallery galleryid-540 gallery-columns-3 gallery-size-large'><figure class='gallery-item'>\n\t\t\t<div class='gallery-icon landscape'>\n\t\t\t\t<a data-elementor-open-lightbox=\"yes\" data-elementor-lightbox-slideshow=\"5ccf29a\" data-e-action-hash=\"#elementor-action%3Aaction%3Dlightbox%26settings%3DeyJpZCI6Nzg0LCJ1cmwiOiJodHRwczpcL1wvdmFmLXZnZm0uY29tXC93cC1jb250ZW50XC91cGxvYWRzXC8yMDIzXC8xMFwvSU1HXzc1NTYtc2NhbGVkLmpwZyIsInNsaWRlc2hvdyI6IjVjY2YyOWEifQ%3D%3D\" href='https:\/\/vaf-vgfm.com\/wp-content\/uploads\/2023\/10\/IMG_7556-scaled.jpg'><img fetchpriority=\"high\" decoding=\"async\" width=\"1024\" height=\"768\" src=\"https:\/\/vaf-vgfm.com\/wp-content\/uploads\/2023\/10\/IMG_7556-1024x768.jpg\" class=\"attachment-large size-large\" alt=\"\" aria-describedby=\"gallery-1-784\" \/><\/a>\n\t\t\t<\/div>\n\t\t\t\t<figcaption class='wp-caption-text gallery-caption' id='gallery-1-784'>\n\t\t\t\tWillkommensfeier in Region Braunschweig in 2023\n\t\t\t\t<\/figcaption><\/figure><figure class='gallery-item'>\n\t\t\t<div class='gallery-icon landscape'>\n\t\t\t\t<a data-elementor-open-lightbox=\"yes\" data-elementor-lightbox-slideshow=\"5ccf29a\" data-e-action-hash=\"#elementor-action%3Aaction%3Dlightbox%26settings%3DeyJpZCI6Nzg2LCJ1cmwiOiJodHRwczpcL1wvdmFmLXZnZm0uY29tXC93cC1jb250ZW50XC91cGxvYWRzXC8yMDIzXC8xMFwvSU1HXzQ5NDctc2NhbGVkLmpwZyIsInNsaWRlc2hvdyI6IjVjY2YyOWEifQ%3D%3D\" href='https:\/\/vaf-vgfm.com\/wp-content\/uploads\/2023\/10\/IMG_4947-scaled.jpg'><img decoding=\"async\" width=\"1024\" height=\"768\" src=\"https:\/\/vaf-vgfm.com\/wp-content\/uploads\/2023\/10\/IMG_4947-1024x768.jpg\" class=\"attachment-large size-large\" alt=\"\" aria-describedby=\"gallery-1-786\" \/><\/a>\n\t\t\t<\/div>\n\t\t\t\t<figcaption class='wp-caption-text gallery-caption' id='gallery-1-786'>\n\t\t\t\tTreffen den jungen Studenten in Braunschweig mit den Professoren und jungen \u00c4rzten in 2023\n\t\t\t\t<\/figcaption><\/figure><figure class='gallery-item'>\n\t\t\t<div class='gallery-icon landscape'>\n\t\t\t\t<a data-elementor-open-lightbox=\"yes\" data-elementor-lightbox-slideshow=\"5ccf29a\" data-e-action-hash=\"#elementor-action%3Aaction%3Dlightbox%26settings%3DeyJpZCI6Nzg1LCJ1cmwiOiJodHRwczpcL1wvdmFmLXZnZm0uY29tXC93cC1jb250ZW50XC91cGxvYWRzXC8yMDIzXC8xMFwvSU1HXzU0ODkuanBnIiwic2xpZGVzaG93IjoiNWNjZjI5YSJ9\" href='https:\/\/vaf-vgfm.com\/wp-content\/uploads\/2023\/10\/IMG_5489.jpg'><img decoding=\"async\" width=\"1024\" height=\"768\" src=\"https:\/\/vaf-vgfm.com\/wp-content\/uploads\/2023\/10\/IMG_5489-1024x768.jpg\" class=\"attachment-large size-large\" alt=\"\" aria-describedby=\"gallery-1-785\" \/><\/a>\n\t\t\t<\/div>\n\t\t\t\t<figcaption class='wp-caption-text gallery-caption' id='gallery-1-785'>\n\t\t\t\tMonatliches Treffen mit Alumni zum Wissen- und Erfahrungsaustausch\n\t\t\t\t<\/figcaption><\/figure><figure class='gallery-item'>\n\t\t\t<div class='gallery-icon landscape'>\n\t\t\t\t<a data-elementor-open-lightbox=\"yes\" data-elementor-lightbox-slideshow=\"5ccf29a\" data-e-action-hash=\"#elementor-action%3Aaction%3Dlightbox%26settings%3DeyJpZCI6MTQwOSwidXJsIjoiaHR0cHM6XC9cL3ZhZi12Z2ZtLmNvbVwvd3AtY29udGVudFwvdXBsb2Fkc1wvMjAyM1wvMTBcL1BIT1RPLTIwMjMtMTAtMTQtMTAtMTUtMDQtZTE2OTcyNzI1NTc2OTQuanBnIiwic2xpZGVzaG93IjoiNWNjZjI5YSJ9\" href='https:\/\/vaf-vgfm.com\/wp-content\/uploads\/2023\/10\/PHOTO-2023-10-14-10-15-04-e1697272557694.jpg'><img loading=\"lazy\" decoding=\"async\" width=\"1024\" height=\"778\" src=\"https:\/\/vaf-vgfm.com\/wp-content\/uploads\/2023\/10\/PHOTO-2023-10-14-10-15-04-e1697272557694-1024x778.jpg\" class=\"attachment-large size-large\" alt=\"\" aria-describedby=\"gallery-1-1409\" \/><\/a>\n\t\t\t<\/div>\n\t\t\t\t<figcaption class='wp-caption-text gallery-caption' id='gallery-1-1409'>\n\t\t\t\tBesichtingung den Krankenh\u00e4usern\n\t\t\t\t<\/figcaption><\/figure><figure class='gallery-item'>\n\t\t\t<div class='gallery-icon landscape'>\n\t\t\t\t<a data-elementor-open-lightbox=\"yes\" data-elementor-lightbox-slideshow=\"5ccf29a\" data-e-action-hash=\"#elementor-action%3Aaction%3Dlightbox%26settings%3DeyJpZCI6MTQwNywidXJsIjoiaHR0cHM6XC9cL3ZhZi12Z2ZtLmNvbVwvd3AtY29udGVudFwvdXBsb2Fkc1wvMjAyM1wvMTBcLzRWR0ZNLTIwMTctSEgucG5nIiwic2xpZGVzaG93IjoiNWNjZjI5YSJ9\" href='https:\/\/vaf-vgfm.com\/wp-content\/uploads\/2023\/10\/4VGFM-2017-HH.png'><img loading=\"lazy\" decoding=\"async\" width=\"973\" height=\"737\" src=\"https:\/\/vaf-vgfm.com\/wp-content\/uploads\/2023\/10\/4VGFM-2017-HH.png\" class=\"attachment-large size-large\" alt=\"\" aria-describedby=\"gallery-1-1407\" \/><\/a>\n\t\t\t<\/div>\n\t\t\t\t<figcaption class='wp-caption-text gallery-caption' id='gallery-1-1407'>\n\t\t\t\tWochenendausflug mit Hrn. Dr. B. Schwartz in Hamburg\n\t\t\t\t<\/figcaption><\/figure><figure class='gallery-item'>\n\t\t\t<div class='gallery-icon landscape'>\n\t\t\t\t<a data-elementor-open-lightbox=\"yes\" data-elementor-lightbox-slideshow=\"5ccf29a\" data-e-action-hash=\"#elementor-action%3Aaction%3Dlightbox%26settings%3DeyJpZCI6MTUyNiwidXJsIjoiaHR0cHM6XC9cL3ZhZi12Z2ZtLmNvbVwvd3AtY29udGVudFwvdXBsb2Fkc1wvMjAyNFwvMTBcL0lNR18xMTk0LXNjYWxlZC5qcGciLCJzbGlkZXNob3ciOiI1Y2NmMjlhIn0%3D\" href='https:\/\/vaf-vgfm.com\/wp-content\/uploads\/2024\/10\/IMG_1194-scaled.jpg'><img loading=\"lazy\" decoding=\"async\" width=\"1024\" height=\"669\" src=\"https:\/\/vaf-vgfm.com\/wp-content\/uploads\/2024\/10\/IMG_1194-1024x669.jpg\" class=\"attachment-large size-large\" alt=\"\" aria-describedby=\"gallery-1-1526\" \/><\/a>\n\t\t\t<\/div>\n\t\t\t\t<figcaption class='wp-caption-text gallery-caption' id='gallery-1-1526'>\n\t\t\t\tPr\u00fcfungsstimulation M3-Examen 2023\n\t\t\t\t<\/figcaption><\/figure>\n\t\t<\/div>\n\t\t<\/div>\n\t\t\t\t<\/div>\n\t\t\t\t<\/div>\n\t\t\t\t<div class=\"elementor-element elementor-element-875985a elementor-widget elementor-widget-button\" data-id=\"875985a\" data-element_type=\"widget\" data-widget_type=\"button.default\">\n\t\t\t\t<div class=\"elementor-widget-container\">\n\t\t\t\t\t<div class=\"elementor-button-wrapper\">\n\t\t\t<a class=\"elementor-button elementor-button-link elementor-size-sm\" href=\"https:\/\/vaf-vgfm.com\/index.php\/presse\/\">\n\t\t\t\t\t\t<span class=\"elementor-button-content-wrapper\">\n\t\t\t\t\t\t<span class=\"elementor-button-icon\">\n\t\t\t\t<i aria-hidden=\"true\" class=\"fas fa-mouse-pointer\"><\/i>\t\t\t<\/span>\n\t\t\t\t\t\t\t\t\t<span class=\"elementor-button-text\">Presse<\/span>\n\t\t\t\t\t<\/span>\n\t\t\t\t\t<\/a>\n\t\t<\/div>\n\t\t\t\t<\/div>\n\t\t\t\t<\/div>\n\t\t\t\t\t<\/div>\n\t\t\t\t<\/div>\n\t\t<div class=\"elementor-element elementor-element-5a6ca46 e-flex e-con-boxed e-con e-parent\" data-id=\"5a6ca46\" data-element_type=\"container\" data-settings=\"{&quot;background_background&quot;:&quot;classic&quot;}\">\n\t\t\t\t\t<div class=\"e-con-inner\">\n\t\t\t\t<div class=\"elementor-element elementor-element-c7283e6 elementor-widget elementor-widget-heading\" data-id=\"c7283e6\" data-element_type=\"widget\" data-widget_type=\"heading.default\">\n\t\t\t\t<div class=\"elementor-widget-container\">\n\t\t\t<h2 class=\"elementor-heading-title elementor-size-default\">Unsere Standorte<\/h2>\t\t<\/div>\n\t\t\t\t<\/div>\n\t\t\t\t\t<\/div>\n\t\t\t\t<\/div>\n\t\t<div class=\"elementor-element elementor-element-8d12f90 e-flex e-con-boxed e-con e-parent\" data-id=\"8d12f90\" data-element_type=\"container\">\n\t\t\t\t\t<div class=\"e-con-inner\">\n\t\t<div class=\"elementor-element elementor-element-6484f88 e-con-full e-flex e-con e-child\" data-id=\"6484f88\" data-element_type=\"container\">\n\t\t\t\t<div class=\"elementor-element elementor-element-d5e8c94 elementor-widget elementor-widget-google_maps\" data-id=\"d5e8c94\" data-element_type=\"widget\" data-widget_type=\"google_maps.default\">\n\t\t\t\t<div class=\"elementor-widget-container\">\n\t\t\t\t\t<div class=\"elementor-custom-embed\">\n\t\t\t<iframe loading=\"lazy\"\n\t\t\t\t\tsrc=\"https:\/\/maps.google.com\/maps?q=Braunschweig&#038;t=m&#038;z=10&#038;output=embed&#038;iwloc=near\"\n\t\t\t\t\ttitle=\"Braunschweig\"\n\t\t\t\t\taria-label=\"Braunschweig\"\n\t\t\t><\/iframe>\n\t\t<\/div>\n\t\t\t\t<\/div>\n\t\t\t\t<\/div>\n\t\t\t\t<\/div>\n\t\t<div class=\"elementor-element elementor-element-654dc7e e-con-full e-flex e-con e-child\" data-id=\"654dc7e\" data-element_type=\"container\">\n\t\t\t\t<div class=\"elementor-element elementor-element-1f83843 elementor-widget elementor-widget-google_maps\" data-id=\"1f83843\" data-element_type=\"widget\" data-widget_type=\"google_maps.default\">\n\t\t\t\t<div class=\"elementor-widget-container\">\n\t\t\t\t\t<div class=\"elementor-custom-embed\">\n\t\t\t<iframe loading=\"lazy\"\n\t\t\t\t\tsrc=\"https:\/\/maps.google.com\/maps?q=Mainz&#038;t=m&#038;z=10&#038;output=embed&#038;iwloc=near\"\n\t\t\t\t\ttitle=\"Mainz\"\n\t\t\t\t\taria-label=\"Mainz\"\n\t\t\t><\/iframe>\n\t\t<\/div>\n\t\t\t\t<\/div>\n\t\t\t\t<\/div>\n\t\t\t\t<\/div>\n\t\t\t\t\t<\/div>\n\t\t\t\t<\/div>\n\t\t\t\t<\/div>\n\t\t","protected":false},"excerpt":{"rendered":"<p>Hallo. Herzlich willkommen auf der offiziellen Website von Vereinigung der Alumni und F\u00f6rderer der vietnamesisch-deutschen Fakult\u00e4t f\u00fcr Medizin Hier geht&#8217;s zur aktuellen Projekte Veranstaltungen Mitgliederversammlung 2024 Ort \u00c4rztehaus BraunschweigAn der Petrikirche 1, 38100 Braunschweig Datum\/Uhrzeit Datum: 19.10.2024 Zeit: 10.00 \u2013 13.00 Uhr Agenda 10:00 Begr\u00fc\u00dfung (Prof. Nguyen Si Huyen\/Helmstedt)10:05 Abstimmung \u00fcber die Tagesordnung10:15 Bericht des &hellip;<\/p>\n<p class=\"read-more\"> <a class=\"\" href=\"https:\/\/vaf-vgfm.com\/\"> <span class=\"screen-reader-text\">Home<\/span> Read More &raquo;<\/a><\/p>\n","protected":false},"author":1,"featured_media":0,"parent":0,"menu_order":0,"comment_status":"closed","ping_status":"closed","template":"","meta":{"_eb_attr":"","site-sidebar-layout":"no-sidebar","site-content-layout":"page-builder","ast-site-content-layout":"full-width-container","site-content-style":"unboxed","site-sidebar-style":"unboxed","ast-global-header-display":"","ast-banner-title-visibility":"","ast-main-header-display":"","ast-hfb-above-header-display":"","ast-hfb-below-header-display":"","ast-hfb-mobile-header-display":"","site-post-title":"disabled","ast-breadcrumbs-content":"","ast-featured-img":"disabled","footer-sml-layout":"","theme-transparent-header-meta":"disabled","adv-header-id-meta":"","stick-header-meta":"","header-above-stick-meta":"","header-main-stick-meta":"","header-below-stick-meta":"","astra-migrate-meta-layouts":"set","footnotes":""},"class_list":["post-540","page","type-page","status-publish","hentry"],"rttpg_featured_image_url":null,"rttpg_author":{"display_name":"vaf-vgfm.com","author_link":"https:\/\/vaf-vgfm.com\/index.php\/author\/vaf-vgfm-com\/"},"rttpg_comment":0,"rttpg_category":null,"rttpg_excerpt":"Hallo. Herzlich willkommen auf der offiziellen Website von Vereinigung der Alumni und F\u00f6rderer der vietnamesisch-deutschen Fakult\u00e4t f\u00fcr Medizin Hier geht&#8217;s zur aktuellen Projekte Veranstaltungen Mitgliederversammlung 2024 Ort \u00c4rztehaus BraunschweigAn der Petrikirche 1, 38100 Braunschweig Datum\/Uhrzeit Datum: 19.10.2024 Zeit: 10.00 \u2013 13.00 Uhr Agenda 10:00 Begr\u00fc\u00dfung (Prof. Nguyen Si Huyen\/Helmstedt)10:05 Abstimmung \u00fcber die Tagesordnung10:15 Bericht des&hellip;","_links":{"self":[{"href":"https:\/\/vaf-vgfm.com\/index.php\/wp-json\/wp\/v2\/pages\/540"}],"collection":[{"href":"https:\/\/vaf-vgfm.com\/index.php\/wp-json\/wp\/v2\/pages"}],"about":[{"href":"https:\/\/vaf-vgfm.com\/index.php\/wp-json\/wp\/v2\/types\/page"}],"author":[{"embeddable":true,"href":"https:\/\/vaf-vgfm.com\/index.php\/wp-json\/wp\/v2\/users\/1"}],"replies":[{"embeddable":true,"href":"https:\/\/vaf-vgfm.com\/index.php\/wp-json\/wp\/v2\/comments?post=540"}],"version-history":[{"count":200,"href":"https:\/\/vaf-vgfm.com\/index.php\/wp-json\/wp\/v2\/pages\/540\/revisions"}],"predecessor-version":[{"id":1548,"href":"https:\/\/vaf-vgfm.com\/index.php\/wp-json\/wp\/v2\/pages\/540\/revisions\/1548"}],"wp:attachment":[{"href":"https:\/\/vaf-vgfm.com\/index.php\/wp-json\/wp\/v2\/media?parent=540"}],"curies":[{"name":"wp","href":"https:\/\/api.w.org\/{rel}","templated":true}]}}