{"id":5,"date":"2018-11-27T09:17:08","date_gmt":"2018-11-27T08:17:08","guid":{"rendered":"https:\/\/vaf-vgfm.com\/index.php\/about\/"},"modified":"2023-10-13T15:57:03","modified_gmt":"2023-10-13T13:57:03","slug":"vision-und-werte","status":"publish","type":"page","link":"https:\/\/vaf-vgfm.com\/index.php\/uber-uns\/vision-und-werte\/","title":{"rendered":"Vision und Werte"},"content":{"rendered":"\t\t<div data-elementor-type=\"wp-post\" data-elementor-id=\"5\" class=\"elementor elementor-5\">\n\t\t\t\t\t\t<section class=\"elementor-section elementor-top-section elementor-element elementor-element-6slnhjq elementor-section-content-middle elementor-section-height-min-height elementor-section-stretched elementor-section-boxed elementor-section-height-default elementor-section-items-middle\" data-id=\"6slnhjq\" data-element_type=\"section\" data-settings=\"{&quot;background_background&quot;:&quot;classic&quot;,&quot;stretch_section&quot;:&quot;section-stretched&quot;}\">\n\t\t\t\t\t\t\t<div class=\"elementor-background-overlay\"><\/div>\n\t\t\t\t\t\t\t<div class=\"elementor-container elementor-column-gap-no\">\n\t\t\t\t\t<div class=\"elementor-column elementor-col-100 elementor-top-column elementor-element elementor-element-8956963\" data-id=\"8956963\" data-element_type=\"column\">\n\t\t\t<div class=\"elementor-widget-wrap elementor-element-populated\">\n\t\t\t\t\t\t<div class=\"elementor-element elementor-element-6d30477 elementor-widget__width-inherit elementor-widget elementor-widget-heading\" data-id=\"6d30477\" data-element_type=\"widget\" data-widget_type=\"heading.default\">\n\t\t\t\t<div class=\"elementor-widget-container\">\n\t\t\t<h2 class=\"elementor-heading-title elementor-size-default\">Unsere Geschichte<\/h2>\t\t<\/div>\n\t\t\t\t<\/div>\n\t\t\t\t<div class=\"elementor-element elementor-element-cfc8d29 elementor-widget elementor-widget-text-editor\" data-id=\"cfc8d29\" data-element_type=\"widget\" data-widget_type=\"text-editor.default\">\n\t\t\t\t<div class=\"elementor-widget-container\">\n\t\t\t\t\t\t\tAm 1.10.2022 fand ein Treffen der Absolvent:innen der VGFM am \u00c4rztehaus in Braunschweig zur Gr\u00fcndung der Vereinigung der Alumni und F\u00f6rderer der Vietnamese German Faculty of Medicine\u00a0(VGFM), Pham Ngoc Thach University Ho Chi Minh City (VAF-VGFM) statt.\n\n<br> Die j\u00e4hrlich stetig wachsende Anzahl der Absolvent:innen der VGFM in Deutschland ist der Anlass zur Gr\u00fcndung der VAF-VGFM. Es ist ein Bed\u00fcrfnis der Absolventinnen und Absolventen der VGFM, in erster Linie postuniversit\u00e4re ausbildungsrelevante Erfahrungen miteinander auszutauschen, Fachwissen zu vertiefen, Freundschaft\u00a0untereinander zu schlie\u00dfen, womit sie sp\u00e4ter zielgerichtet mit ihren geb\u00fcndelten Kr\u00e4ften ihre\u00a0Universit\u00e4t zuk\u00fcnftig in verschiedenen Hinsichten u.a. in Forschung, Lehre und Studentenausbildung effektiv unterst\u00fctzen k\u00f6nnen.\t\t\t\t\t\t<\/div>\n\t\t\t\t<\/div>\n\t\t\t\t<div class=\"elementor-element elementor-element-1eb7c77 elementor-arrows-position-inside elementor-widget elementor-widget-image-carousel\" data-id=\"1eb7c77\" data-element_type=\"widget\" data-settings=\"{&quot;navigation&quot;:&quot;arrows&quot;,&quot;autoplay&quot;:&quot;yes&quot;,&quot;pause_on_hover&quot;:&quot;yes&quot;,&quot;pause_on_interaction&quot;:&quot;yes&quot;,&quot;autoplay_speed&quot;:5000,&quot;infinite&quot;:&quot;yes&quot;,&quot;speed&quot;:500}\" data-widget_type=\"image-carousel.default\">\n\t\t\t\t<div class=\"elementor-widget-container\">\n\t\t\t\t\t<div class=\"elementor-image-carousel-wrapper swiper\" dir=\"ltr\">\n\t\t\t<div class=\"elementor-image-carousel swiper-wrapper\" aria-live=\"off\">\n\t\t\t\t\t\t\t\t<div class=\"swiper-slide\" role=\"group\" aria-roledescription=\"slide\" aria-label=\"1 of 4\"><a data-elementor-open-lightbox=\"yes\" data-elementor-lightbox-slideshow=\"1eb7c77\" data-elementor-lightbox-title=\"Gr\u00fcndungstreffen\" data-e-action-hash=\"#elementor-action%3Aaction%3Dlightbox%26settings%3DeyJpZCI6NjM0LCJ1cmwiOiJodHRwczpcL1wvdmFmLXZnZm0uY29tXC93cC1jb250ZW50XC91cGxvYWRzXC8yMDIzXC8xMFwvSU1HXzYyMTIuanBnIiwic2xpZGVzaG93IjoiMWViN2M3NyJ9\" href=\"https:\/\/vaf-vgfm.com\/wp-content\/uploads\/2023\/10\/IMG_6212.jpg\"><figure class=\"swiper-slide-inner\"><img decoding=\"async\" class=\"swiper-slide-image\" src=\"https:\/\/vaf-vgfm.com\/wp-content\/uploads\/2023\/10\/IMG_6212.jpg\" alt=\"\" \/><\/figure><\/a><\/div><div class=\"swiper-slide\" role=\"group\" aria-roledescription=\"slide\" aria-label=\"2 of 4\"><a data-elementor-open-lightbox=\"yes\" data-elementor-lightbox-slideshow=\"1eb7c77\" data-elementor-lightbox-title=\"Der Vorstand\" data-e-action-hash=\"#elementor-action%3Aaction%3Dlightbox%26settings%3DeyJpZCI6NjM1LCJ1cmwiOiJodHRwczpcL1wvdmFmLXZnZm0uY29tXC93cC1jb250ZW50XC91cGxvYWRzXC8yMDIzXC8xMFwvSU1HXzYyMTMuanBnIiwic2xpZGVzaG93IjoiMWViN2M3NyJ9\" href=\"https:\/\/vaf-vgfm.com\/wp-content\/uploads\/2023\/10\/IMG_6213.jpg\"><figure class=\"swiper-slide-inner\"><img decoding=\"async\" class=\"swiper-slide-image\" src=\"https:\/\/vaf-vgfm.com\/wp-content\/uploads\/2023\/10\/IMG_6213.jpg\" alt=\"\" \/><\/figure><\/a><\/div><div class=\"swiper-slide\" role=\"group\" aria-roledescription=\"slide\" aria-label=\"3 of 4\"><a data-elementor-open-lightbox=\"yes\" data-elementor-lightbox-slideshow=\"1eb7c77\" data-elementor-lightbox-title=\"Der Wahl\" data-e-action-hash=\"#elementor-action%3Aaction%3Dlightbox%26settings%3DeyJpZCI6NjQ0LCJ1cmwiOiJodHRwczpcL1wvdmFmLXZnZm0uY29tXC93cC1jb250ZW50XC91cGxvYWRzXC8yMDIzXC8xMFwvSU1HXzc1NTMtc2NhbGVkLmpwZyIsInNsaWRlc2hvdyI6IjFlYjdjNzcifQ%3D%3D\" href=\"https:\/\/vaf-vgfm.com\/wp-content\/uploads\/2023\/10\/IMG_7553-scaled.jpg\"><figure class=\"swiper-slide-inner\"><img decoding=\"async\" class=\"swiper-slide-image\" src=\"https:\/\/vaf-vgfm.com\/wp-content\/uploads\/2023\/10\/IMG_7553-scaled.jpg\" alt=\"\" \/><\/figure><\/a><\/div><div class=\"swiper-slide\" role=\"group\" aria-roledescription=\"slide\" aria-label=\"4 of 4\"><a data-elementor-open-lightbox=\"yes\" data-elementor-lightbox-slideshow=\"1eb7c77\" data-elementor-lightbox-title=\"Hr Prof. Dr. Si Huyen Nguyen\" data-e-action-hash=\"#elementor-action%3Aaction%3Dlightbox%26settings%3DeyJpZCI6NjQ1LCJ1cmwiOiJodHRwczpcL1wvdmFmLXZnZm0uY29tXC93cC1jb250ZW50XC91cGxvYWRzXC8yMDIzXC8xMFwvSU1HXzc1NTQtc2NhbGVkLmpwZyIsInNsaWRlc2hvdyI6IjFlYjdjNzcifQ%3D%3D\" href=\"https:\/\/vaf-vgfm.com\/wp-content\/uploads\/2023\/10\/IMG_7554-scaled.jpg\"><figure class=\"swiper-slide-inner\"><img decoding=\"async\" class=\"swiper-slide-image\" src=\"https:\/\/vaf-vgfm.com\/wp-content\/uploads\/2023\/10\/IMG_7554-scaled.jpg\" alt=\"\" \/><\/figure><\/a><\/div>\t\t\t<\/div>\n\t\t\t\t\t\t\t\t\t\t\t\t<div class=\"elementor-swiper-button elementor-swiper-button-prev\" role=\"button\" tabindex=\"0\">\n\t\t\t\t\t\t<i aria-hidden=\"true\" class=\"eicon-chevron-left\"><\/i>\t\t\t\t\t<\/div>\n\t\t\t\t\t<div class=\"elementor-swiper-button elementor-swiper-button-next\" role=\"button\" tabindex=\"0\">\n\t\t\t\t\t\t<i aria-hidden=\"true\" class=\"eicon-chevron-right\"><\/i>\t\t\t\t\t<\/div>\n\t\t\t\t\n\t\t\t\t\t\t\t\t\t<\/div>\n\t\t\t\t<\/div>\n\t\t\t\t<\/div>\n\t\t\t\t<div class=\"elementor-element elementor-element-c16186d elementor-align-center elementor-widget elementor-widget-button\" data-id=\"c16186d\" data-element_type=\"widget\" data-widget_type=\"button.default\">\n\t\t\t\t<div class=\"elementor-widget-container\">\n\t\t\t\t\t<div class=\"elementor-button-wrapper\">\n\t\t\t<a class=\"elementor-button elementor-button-link elementor-size-sm\" href=\"https:\/\/vaf-vgfm.com\/index.php\/presse\/\" target=\"_blank\" id=\"Pressemitteilung\">\n\t\t\t\t\t\t<span class=\"elementor-button-content-wrapper\">\n\t\t\t\t\t\t<span class=\"elementor-button-icon\">\n\t\t\t\t<i aria-hidden=\"true\" class=\"fas fa-mouse-pointer\"><\/i>\t\t\t<\/span>\n\t\t\t\t\t\t\t\t\t<span class=\"elementor-button-text\">Presse<\/span>\n\t\t\t\t\t<\/span>\n\t\t\t\t\t<\/a>\n\t\t<\/div>\n\t\t\t\t<\/div>\n\t\t\t\t<\/div>\n\t\t\t\t\t<\/div>\n\t\t<\/div>\n\t\t\t\t\t<\/div>\n\t\t<\/section>\n\t\t\t\t<section class=\"elementor-section elementor-top-section elementor-element elementor-element-y205d0s elementor-section-content-top elementor-section-height-min-height elementor-section-items-top elementor-section-boxed elementor-section-height-default\" data-id=\"y205d0s\" data-element_type=\"section\" data-settings=\"{&quot;background_background&quot;:&quot;classic&quot;}\">\n\t\t\t\t\t\t\t<div class=\"elementor-background-overlay\"><\/div>\n\t\t\t\t\t\t\t<div class=\"elementor-container elementor-column-gap-no\">\n\t\t\t\t\t<div class=\"elementor-column elementor-col-100 elementor-top-column elementor-element elementor-element-a8fceb1\" data-id=\"a8fceb1\" data-element_type=\"column\">\n\t\t\t<div class=\"elementor-widget-wrap elementor-element-populated\">\n\t\t\t\t\t\t<div class=\"elementor-element elementor-element-03e30c7 elementor-widget elementor-widget-heading\" data-id=\"03e30c7\" data-element_type=\"widget\" data-widget_type=\"heading.default\">\n\t\t\t\t<div class=\"elementor-widget-container\">\n\t\t\t<h2 class=\"elementor-heading-title elementor-size-default\">Unsere Vision<\/h2>\t\t<\/div>\n\t\t\t\t<\/div>\n\t\t\t\t<div class=\"elementor-element elementor-element-e01a7e0 elementor-widget elementor-widget-text-editor\" data-id=\"e01a7e0\" data-element_type=\"widget\" data-widget_type=\"text-editor.default\">\n\t\t\t\t<div class=\"elementor-widget-container\">\n\t\t\t\t\t\t\t<p>VAF-VGFM ist eine Gemeinschaft von Ehemaligen, Studierenden, Angeh\u00f6rigen und Freunden der vietnamesisch-deutschen medizinischen Falkut\u00e4t. Wir schaffen ein internationaler Netzwerk und setzen uns f\u00fcr die Zukunft der Falkut\u00e4t ein: f\u00fcr Entwicklung in akademischer Bildung und f\u00fcr wissenschaftlichen Fortschritt und Wissensaustausch.<\/p>\t\t\t\t\t\t<\/div>\n\t\t\t\t<\/div>\n\t\t\t\t<div class=\"elementor-element elementor-element-d484623 elementor-widget elementor-widget-heading\" data-id=\"d484623\" data-element_type=\"widget\" data-widget_type=\"heading.default\">\n\t\t\t\t<div class=\"elementor-widget-container\">\n\t\t\t<h2 class=\"elementor-heading-title elementor-size-default\">Unsere Werte: Unterst\u00fctzung und F\u00f6rderung <\/h2>\t\t<\/div>\n\t\t\t\t<\/div>\n\t\t\t\t<section class=\"elementor-section elementor-inner-section elementor-element elementor-element-d313255 elementor-section-boxed elementor-section-height-default elementor-section-height-default\" data-id=\"d313255\" data-element_type=\"section\">\n\t\t\t\t\t\t<div class=\"elementor-container elementor-column-gap-default\">\n\t\t\t\t\t<div class=\"elementor-column elementor-col-33 elementor-inner-column elementor-element elementor-element-af2a78f\" data-id=\"af2a78f\" data-element_type=\"column\">\n\t\t\t<div class=\"elementor-widget-wrap elementor-element-populated\">\n\t\t\t\t\t\t<div class=\"elementor-element elementor-element-bb2b817 elementor-widget elementor-widget-image\" data-id=\"bb2b817\" data-element_type=\"widget\" data-widget_type=\"image.default\">\n\t\t\t\t<div class=\"elementor-widget-container\">\n\t\t\t\t\t\t\t\t\t\t\t\t\t<img fetchpriority=\"high\" decoding=\"async\" width=\"768\" height=\"768\" src=\"https:\/\/vaf-vgfm.com\/wp-content\/uploads\/2023\/10\/book-literature-education-6063198-768x768.png\" class=\"attachment-medium_large size-medium_large wp-image-666\" alt=\"book, literature, education-6063198.jpg\" \/>\t\t\t\t\t\t\t\t\t\t\t\t\t<\/div>\n\t\t\t\t<\/div>\n\t\t\t\t<div class=\"elementor-element elementor-element-11a5560 elementor-widget elementor-widget-heading\" data-id=\"11a5560\" data-element_type=\"widget\" data-widget_type=\"heading.default\">\n\t\t\t\t<div class=\"elementor-widget-container\">\n\t\t\t<h3 class=\"elementor-heading-title elementor-size-default\">Ausbildung <\/h3>\t\t<\/div>\n\t\t\t\t<\/div>\n\t\t\t\t<div class=\"elementor-element elementor-element-2271db1 elementor-widget elementor-widget-text-editor\" data-id=\"2271db1\" data-element_type=\"widget\" data-widget_type=\"text-editor.default\">\n\t\t\t\t<div class=\"elementor-widget-container\">\n\t\t\t\t\t\t\tvon Studierenden im Fachgebiet Humanmedizin an der VGFM\t\t\t\t\t\t<\/div>\n\t\t\t\t<\/div>\n\t\t\t\t\t<\/div>\n\t\t<\/div>\n\t\t\t\t<div class=\"elementor-column elementor-col-33 elementor-inner-column elementor-element elementor-element-22c3524\" data-id=\"22c3524\" data-element_type=\"column\">\n\t\t\t<div class=\"elementor-widget-wrap elementor-element-populated\">\n\t\t\t\t\t\t<div class=\"elementor-element elementor-element-e4c55c2 elementor-widget elementor-widget-image\" data-id=\"e4c55c2\" data-element_type=\"widget\" data-widget_type=\"image.default\">\n\t\t\t\t<div class=\"elementor-widget-container\">\n\t\t\t\t\t\t\t\t\t\t\t\t\t<img decoding=\"async\" width=\"1280\" height=\"1280\" src=\"https:\/\/vaf-vgfm.com\/wp-content\/uploads\/2023\/10\/magnifier-magnifying-glass-to-look-for-1724298.png\" class=\"attachment-full size-full wp-image-667\" alt=\"magnifier, magnifying glass, to look for-1724298.jpg\" \/>\t\t\t\t\t\t\t\t\t\t\t\t\t<\/div>\n\t\t\t\t<\/div>\n\t\t\t\t<div class=\"elementor-element elementor-element-7d27157 elementor-widget elementor-widget-heading\" data-id=\"7d27157\" data-element_type=\"widget\" data-widget_type=\"heading.default\">\n\t\t\t\t<div class=\"elementor-widget-container\">\n\t\t\t<h3 class=\"elementor-heading-title elementor-size-default\">Gesundheitprojekten <\/h3>\t\t<\/div>\n\t\t\t\t<\/div>\n\t\t\t\t<div class=\"elementor-element elementor-element-aaec606 elementor-widget elementor-widget-text-editor\" data-id=\"aaec606\" data-element_type=\"widget\" data-widget_type=\"text-editor.default\">\n\t\t\t\t<div class=\"elementor-widget-container\">\n\t\t\t\t\t\t\tim Sinne der Erforschung, Verh\u00fctung und Bek\u00e4mpfung von Krankheiten\t\t\t\t\t\t<\/div>\n\t\t\t\t<\/div>\n\t\t\t\t\t<\/div>\n\t\t<\/div>\n\t\t\t\t<div class=\"elementor-column elementor-col-33 elementor-inner-column elementor-element elementor-element-b4566d0\" data-id=\"b4566d0\" data-element_type=\"column\">\n\t\t\t<div class=\"elementor-widget-wrap elementor-element-populated\">\n\t\t\t\t\t\t<div class=\"elementor-element elementor-element-bd46985 elementor-widget elementor-widget-image\" data-id=\"bd46985\" data-element_type=\"widget\" data-widget_type=\"image.default\">\n\t\t\t\t<div class=\"elementor-widget-container\">\n\t\t\t\t\t\t\t\t\t\t\t\t\t<img decoding=\"async\" width=\"1280\" height=\"1280\" src=\"https:\/\/vaf-vgfm.com\/wp-content\/uploads\/2023\/10\/computer-icon-handshake-business-2384752.png\" class=\"attachment-full size-full wp-image-669\" alt=\"computer icon, handshake, business-2384752.jpg\" \/>\t\t\t\t\t\t\t\t\t\t\t\t\t<\/div>\n\t\t\t\t<\/div>\n\t\t\t\t<div class=\"elementor-element elementor-element-ee1c81c elementor-widget elementor-widget-heading\" data-id=\"ee1c81c\" data-element_type=\"widget\" data-widget_type=\"heading.default\">\n\t\t\t\t<div class=\"elementor-widget-container\">\n\t\t\t<h3 class=\"elementor-heading-title elementor-size-default\">V\u00f6lkerverst\u00e4ndigung und Freundschaft <\/h3>\t\t<\/div>\n\t\t\t\t<\/div>\n\t\t\t\t<div class=\"elementor-element elementor-element-232ab6e elementor-widget elementor-widget-text-editor\" data-id=\"232ab6e\" data-element_type=\"widget\" data-widget_type=\"text-editor.default\">\n\t\t\t\t<div class=\"elementor-widget-container\">\n\t\t\t\t\t\t\t<p>unter den deutschen und vietnamesischen Medizinern<\/p>\t\t\t\t\t\t<\/div>\n\t\t\t\t<\/div>\n\t\t\t\t\t<\/div>\n\t\t<\/div>\n\t\t\t\t\t<\/div>\n\t\t<\/section>\n\t\t\t\t<section class=\"elementor-section elementor-inner-section elementor-element elementor-element-b1ef1ef elementor-section-boxed elementor-section-height-default elementor-section-height-default\" data-id=\"b1ef1ef\" data-element_type=\"section\">\n\t\t\t\t\t\t<div class=\"elementor-container elementor-column-gap-default\">\n\t\t\t\t\t<div class=\"elementor-column elementor-col-33 elementor-inner-column elementor-element elementor-element-f8abded\" data-id=\"f8abded\" data-element_type=\"column\">\n\t\t\t<div class=\"elementor-widget-wrap elementor-element-populated\">\n\t\t\t\t\t\t<div class=\"elementor-element elementor-element-b98d03e elementor-widget elementor-widget-image\" data-id=\"b98d03e\" data-element_type=\"widget\" data-widget_type=\"image.default\">\n\t\t\t\t<div class=\"elementor-widget-container\">\n\t\t\t\t\t\t\t\t\t\t\t\t\t<img loading=\"lazy\" decoding=\"async\" width=\"1280\" height=\"915\" src=\"https:\/\/vaf-vgfm.com\/wp-content\/uploads\/2023\/10\/education-budget-college-7624302.png\" class=\"attachment-full size-full wp-image-673\" alt=\"education, budget, college-7624302.jpg\" \/>\t\t\t\t\t\t\t\t\t\t\t\t\t<\/div>\n\t\t\t\t<\/div>\n\t\t\t\t<div class=\"elementor-element elementor-element-d880e73 elementor-widget elementor-widget-heading\" data-id=\"d880e73\" data-element_type=\"widget\" data-widget_type=\"heading.default\">\n\t\t\t\t<div class=\"elementor-widget-container\">\n\t\t\t<h3 class=\"elementor-heading-title elementor-size-default\">Vergabe von Stipendien<\/h3>\t\t<\/div>\n\t\t\t\t<\/div>\n\t\t\t\t<div class=\"elementor-element elementor-element-94506de elementor-widget elementor-widget-text-editor\" data-id=\"94506de\" data-element_type=\"widget\" data-widget_type=\"text-editor.default\">\n\t\t\t\t<div class=\"elementor-widget-container\">\n\t\t\t\t\t\t\tan  die Studierenden der VGFM und zur F\u00f6rderung junger medizinischer Wissenschaftlern\t\t\t\t\t\t<\/div>\n\t\t\t\t<\/div>\n\t\t\t\t\t<\/div>\n\t\t<\/div>\n\t\t\t\t<div class=\"elementor-column elementor-col-33 elementor-inner-column elementor-element elementor-element-e7c6346\" data-id=\"e7c6346\" data-element_type=\"column\">\n\t\t\t<div class=\"elementor-widget-wrap elementor-element-populated\">\n\t\t\t\t\t\t<div class=\"elementor-element elementor-element-2c94d3d elementor-widget elementor-widget-image\" data-id=\"2c94d3d\" data-element_type=\"widget\" data-widget_type=\"image.default\">\n\t\t\t\t<div class=\"elementor-widget-container\">\n\t\t\t\t\t\t\t\t\t\t\t\t\t<img loading=\"lazy\" decoding=\"async\" width=\"1280\" height=\"1280\" src=\"https:\/\/vaf-vgfm.com\/wp-content\/uploads\/2023\/10\/heart-button-like-5614865.png\" class=\"attachment-full size-full wp-image-675\" alt=\"heart, button, like-5614865.jpg\" \/>\t\t\t\t\t\t\t\t\t\t\t\t\t<\/div>\n\t\t\t\t<\/div>\n\t\t\t\t<div class=\"elementor-element elementor-element-9fdfe4a elementor-widget elementor-widget-heading\" data-id=\"9fdfe4a\" data-element_type=\"widget\" data-widget_type=\"heading.default\">\n\t\t\t\t<div class=\"elementor-widget-container\">\n\t\t\t<h3 class=\"elementor-heading-title elementor-size-default\">Leben in Deutschland <\/h3>\t\t<\/div>\n\t\t\t\t<\/div>\n\t\t\t\t<div class=\"elementor-element elementor-element-ad40c43 elementor-widget elementor-widget-text-editor\" data-id=\"ad40c43\" data-element_type=\"widget\" data-widget_type=\"text-editor.default\">\n\t\t\t\t<div class=\"elementor-widget-container\">\n\t\t\t\t\t\t\t<p>w\u00e4hrend Aus- und Weiterbildungszeit den Studierenden und Absolventen durch\u00a0nachhaltigen Pflege und kontinuierlichen Verbessrung der deutschen Sprachkenntnisse<\/p>\t\t\t\t\t\t<\/div>\n\t\t\t\t<\/div>\n\t\t\t\t\t<\/div>\n\t\t<\/div>\n\t\t\t\t<div class=\"elementor-column elementor-col-33 elementor-inner-column elementor-element elementor-element-d75b273\" data-id=\"d75b273\" data-element_type=\"column\">\n\t\t\t<div class=\"elementor-widget-wrap elementor-element-populated\">\n\t\t\t\t\t\t<div class=\"elementor-element elementor-element-2af8a6d elementor-widget elementor-widget-image\" data-id=\"2af8a6d\" data-element_type=\"widget\" data-widget_type=\"image.default\">\n\t\t\t\t<div class=\"elementor-widget-container\">\n\t\t\t\t\t\t\t\t\t\t\t\t\t<img loading=\"lazy\" decoding=\"async\" width=\"1280\" height=\"1075\" src=\"https:\/\/vaf-vgfm.com\/wp-content\/uploads\/2023\/10\/word-cloud-hands-animal-welfare-2696823.png\" class=\"attachment-full size-full wp-image-677\" alt=\"word cloud, hands, animal welfare-2696823.jpg\" \/>\t\t\t\t\t\t\t\t\t\t\t\t\t<\/div>\n\t\t\t\t<\/div>\n\t\t\t\t<div class=\"elementor-element elementor-element-f7a7221 elementor-widget elementor-widget-heading\" data-id=\"f7a7221\" data-element_type=\"widget\" data-widget_type=\"heading.default\">\n\t\t\t\t<div class=\"elementor-widget-container\">\n\t\t\t<h3 class=\"elementor-heading-title elementor-size-default\">Gemeinn\u00fctzige Zwecke<\/h3>\t\t<\/div>\n\t\t\t\t<\/div>\n\t\t\t\t<div class=\"elementor-element elementor-element-22764bf elementor-widget elementor-widget-text-editor\" data-id=\"22764bf\" data-element_type=\"widget\" data-widget_type=\"text-editor.default\">\n\t\t\t\t<div class=\"elementor-widget-container\">\n\t\t\t\t\t\t\tDer Verein verfolgt ausschlie\u00dflich und unmittelbar  gemeinn\u00fctzige Zwecke im Sinne des Abschnitts \u201esteuerbeg\u00fcnstigte Zwecke\u201c der Abgabeordnung gem\u00e4\u00df \u00a7 53 AO.\n\t\t\t\t\t\t<\/div>\n\t\t\t\t<\/div>\n\t\t\t\t\t<\/div>\n\t\t<\/div>\n\t\t\t\t\t<\/div>\n\t\t<\/section>\n\t\t\t\t\t<\/div>\n\t\t<\/div>\n\t\t\t\t\t<\/div>\n\t\t<\/section>\n\t\t\t\t<\/div>\n\t\t","protected":false},"excerpt":{"rendered":"<p>Unsere Geschichte Am 1.10.2022 fand ein Treffen der Absolvent:innen der VGFM am \u00c4rztehaus in Braunschweig zur Gr\u00fcndung der Vereinigung der Alumni und F\u00f6rderer der Vietnamese German Faculty of Medicine\u00a0(VGFM), Pham Ngoc Thach University Ho Chi Minh City (VAF-VGFM) statt. Die j\u00e4hrlich stetig wachsende Anzahl der Absolvent:innen der VGFM in Deutschland ist der Anlass zur Gr\u00fcndung &hellip;<\/p>\n<p class=\"read-more\"> <a class=\"\" href=\"https:\/\/vaf-vgfm.com\/index.php\/uber-uns\/vision-und-werte\/\"> <span class=\"screen-reader-text\">Vision und Werte<\/span> Read More &raquo;<\/a><\/p>\n","protected":false},"author":1,"featured_media":0,"parent":1282,"menu_order":0,"comment_status":"closed","ping_status":"closed","template":"","meta":{"_eb_attr":"","site-sidebar-layout":"no-sidebar","site-content-layout":"page-builder","ast-site-content-layout":"full-width-container","site-content-style":"unboxed","site-sidebar-style":"unboxed","ast-global-header-display":"","ast-banner-title-visibility":"","ast-main-header-display":"","ast-hfb-above-header-display":"","ast-hfb-below-header-display":"","ast-hfb-mobile-header-display":"","site-post-title":"disabled","ast-breadcrumbs-content":"","ast-featured-img":"disabled","footer-sml-layout":"","theme-transparent-header-meta":"enabled","adv-header-id-meta":"","stick-header-meta":"","header-above-stick-meta":"","header-main-stick-meta":"","header-below-stick-meta":"","astra-migrate-meta-layouts":"set","footnotes":""},"class_list":["post-5","page","type-page","status-publish","hentry"],"rttpg_featured_image_url":null,"rttpg_author":{"display_name":"vaf-vgfm.com","author_link":"https:\/\/vaf-vgfm.com\/index.php\/author\/vaf-vgfm-com\/"},"rttpg_comment":0,"rttpg_category":null,"rttpg_excerpt":"Unsere Geschichte Am 1.10.2022 fand ein Treffen der Absolvent:innen der VGFM am \u00c4rztehaus in Braunschweig zur Gr\u00fcndung der Vereinigung der Alumni und F\u00f6rderer der Vietnamese German Faculty of Medicine\u00a0(VGFM), Pham Ngoc Thach University Ho Chi Minh City (VAF-VGFM) statt. Die j\u00e4hrlich stetig wachsende Anzahl der Absolvent:innen der VGFM in Deutschland ist der Anlass zur Gr\u00fcndung&hellip;","_links":{"self":[{"href":"https:\/\/vaf-vgfm.com\/index.php\/wp-json\/wp\/v2\/pages\/5"}],"collection":[{"href":"https:\/\/vaf-vgfm.com\/index.php\/wp-json\/wp\/v2\/pages"}],"about":[{"href":"https:\/\/vaf-vgfm.com\/index.php\/wp-json\/wp\/v2\/types\/page"}],"author":[{"embeddable":true,"href":"https:\/\/vaf-vgfm.com\/index.php\/wp-json\/wp\/v2\/users\/1"}],"replies":[{"embeddable":true,"href":"https:\/\/vaf-vgfm.com\/index.php\/wp-json\/wp\/v2\/comments?post=5"}],"version-history":[{"count":60,"href":"https:\/\/vaf-vgfm.com\/index.php\/wp-json\/wp\/v2\/pages\/5\/revisions"}],"predecessor-version":[{"id":1197,"href":"https:\/\/vaf-vgfm.com\/index.php\/wp-json\/wp\/v2\/pages\/5\/revisions\/1197"}],"up":[{"embeddable":true,"href":"https:\/\/vaf-vgfm.com\/index.php\/wp-json\/wp\/v2\/pages\/1282"}],"wp:attachment":[{"href":"https:\/\/vaf-vgfm.com\/index.php\/wp-json\/wp\/v2\/media?parent=5"}],"curies":[{"name":"wp","href":"https:\/\/api.w.org\/{rel}","templated":true}]}}